{"id":7327,"date":"2022-10-03T09:18:57","date_gmt":"2022-10-03T06:18:57","guid":{"rendered":"https:\/\/www.stageon.ro\/product\/imblanzirea-scorpiei\/"},"modified":"2022-10-31T11:24:00","modified_gmt":"2022-10-31T09:24:00","slug":"imblanzirea-scorpiei","status":"publish","type":"product","link":"https:\/\/www.stageon.ro\/en\/product\/imblanzirea-scorpiei\/","title":{"rendered":"\u00ceMBL\u00c2NZIREA SCORPIEI"},"content":{"rendered":"<p>[et_pb_section fb_built=&#8221;1&#8243; _builder_version=&#8221;4.18.0&#8243; _module_preset=&#8221;default&#8221; global_colors_info=&#8221;{}&#8221;][\/et_pb_section]<\/p>\n","protected":false},"excerpt":{"rendered":"<p><strong>Joi 27.10.2022 \u2013 ora 19:00<\/strong><br \/>\nUn spectacol al <a href=\"http:\/\/ro.tntimisoara.com\">Teatrului Na\u021bional Timi\u0219oara<\/a>.<br \/>\n<strong>Audien\u021b\u0103:<\/strong> AG<br \/>\ndup\u0103 <strong>William Shakespeare<\/strong><br \/>\ntraducerea \u0219i adaptarea <strong>Radu Iacoban<\/strong><br \/>\nLocul: Padova, Italia. Timpul: ieri, ast\u0103zi, m\u00e2ine, oric\u00e2nd. Problema: Batista vrea s\u0103-\u0219i negocieze fetele, inclusiv pe Catarina. Dar cine s-o ia pe Catarina cu limba ei ascu\u021bit\u0103 \u0219i cu manierele ei \u00eengrozitoare? Catarina, cea care n-are chef de macho-isme, de atitudine patriarhal\u0103? Se \u0219tie: fug to\u021bi de Catarina unde v\u0103d cu ochii. \u0218i \u00een sf\u00e2r\u0219it apare Petrucchio, un pic cool, un pic afumat, un pic genul \u201esunt c\u0103lare pe situa\u021bie chiar dac\u0103 nu \u0219tiu \u00eencotro m\u0103-ndrept\u201d \u0219i intr\u0103 \u00een meciul cu deja celebru de recalcitranta Catarina. Tot ce ne r\u0103m\u00e2ne este s\u0103 sper\u0103m c\u0103 metodele lui \u201edidactice\u201d (mai degrab\u0103 \u00eencadrabile \u00een Codul Penal la capitolul \u201erele tratamente\u201d) nu vor fi v\u0103t\u0103mat pe nimeni \u0219i s\u0103 decod\u0103m \u00een cheia comediei o lume care este foarte, foarte aproape de noi.<\/p>\n","protected":false},"featured_media":7077,"comment_status":"open","ping_status":"closed","template":"","meta":{"_et_pb_use_builder":"on","_et_pb_old_content":"<strong>Joi 27.10.2022 \u2013 ora 19:00<\/strong>\r\nUn spectacol al <a href=\"http:\/\/ro.tntimisoara.com\">Teatrului Na\u021bional Timi\u0219oara<\/a>.\r\n<strong>Audien\u021b\u0103:<\/strong> AG\r\ndup\u0103 <strong>William Shakespeare<\/strong>\r\ntraducerea \u0219i adaptarea <strong>Radu Iacoban<\/strong>\r\nLocul: Padova, Italia. Timpul: ieri, ast\u0103zi, m\u00e2ine, oric\u00e2nd. Problema: Batista vrea s\u0103-\u0219i negocieze fetele, inclusiv pe Catarina. Dar cine s-o ia pe Catarina cu limba ei ascu\u021bit\u0103 \u0219i cu manierele ei \u00eengrozitoare? Catarina, cea care n-are chef de macho-isme, de atitudine patriarhal\u0103? Se \u0219tie: fug to\u021bi de Catarina unde v\u0103d cu ochii. \u0218i \u00een sf\u00e2r\u0219it apare Petrucchio, un pic cool, un pic afumat, un pic genul \u201esunt c\u0103lare pe situa\u021bie chiar dac\u0103 nu \u0219tiu \u00eencotro m\u0103-ndrept\u201d \u0219i intr\u0103 \u00een meciul cu deja celebru de recalcitranta Catarina. Tot ce ne r\u0103m\u00e2ne este s\u0103 sper\u0103m c\u0103 metodele lui \u201edidactice\u201d (mai degrab\u0103 \u00eencadrabile \u00een Codul Penal la capitolul \u201erele tratamente\u201d) nu vor fi v\u0103t\u0103mat pe nimeni \u0219i s\u0103 decod\u0103m \u00een cheia comediei o lume care este foarte, foarte aproape de noi.","_et_gb_content_width":""},"product_brand":[],"product_cat":[304,18,196,198,25],"product_tag":[],"class_list":{"0":"post-7327","1":"product","2":"type-product","3":"status-publish","4":"has-post-thumbnail","6":"product_cat-evenimente-trecute-en","7":"product_cat-live","8":"product_cat-stagiunea-cloud-a-tnt-en","9":"product_cat-teatrul-national-timisoara-en","10":"product_cat-theatre","12":"first","13":"instock","14":"virtual","15":"purchasable","16":"product-type-simple"},"_links":{"self":[{"href":"https:\/\/www.stageon.ro\/en\/wp-json\/wp\/v2\/product\/7327","targetHints":{"allow":["GET"]}}],"collection":[{"href":"https:\/\/www.stageon.ro\/en\/wp-json\/wp\/v2\/product"}],"about":[{"href":"https:\/\/www.stageon.ro\/en\/wp-json\/wp\/v2\/types\/product"}],"replies":[{"embeddable":true,"href":"https:\/\/www.stageon.ro\/en\/wp-json\/wp\/v2\/comments?post=7327"}],"wp:featuredmedia":[{"embeddable":true,"href":"https:\/\/www.stageon.ro\/en\/wp-json\/wp\/v2\/media\/7077"}],"wp:attachment":[{"href":"https:\/\/www.stageon.ro\/en\/wp-json\/wp\/v2\/media?parent=7327"}],"wp:term":[{"taxonomy":"product_brand","embeddable":true,"href":"https:\/\/www.stageon.ro\/en\/wp-json\/wp\/v2\/product_brand?post=7327"},{"taxonomy":"product_cat","embeddable":true,"href":"https:\/\/www.stageon.ro\/en\/wp-json\/wp\/v2\/product_cat?post=7327"},{"taxonomy":"product_tag","embeddable":true,"href":"https:\/\/www.stageon.ro\/en\/wp-json\/wp\/v2\/product_tag?post=7327"}],"curies":[{"name":"wp","href":"https:\/\/api.w.org\/{rel}","templated":true}]}}