{"id":7326,"date":"2022-10-03T09:21:09","date_gmt":"2022-10-03T06:21:09","guid":{"rendered":"https:\/\/www.stageon.ro\/product\/scoala-femeilor-versus-scoala-barbatilor\/"},"modified":"2022-10-31T11:24:11","modified_gmt":"2022-10-31T09:24:11","slug":"scoala-femeilor-versus-scoala-barbatilor","status":"publish","type":"product","link":"https:\/\/www.stageon.ro\/en\/product\/scoala-femeilor-versus-scoala-barbatilor\/","title":{"rendered":"\u0218COALA FEMEILOR versus \u0218COALA B\u0102RBA\u021aILOR"},"content":{"rendered":"<p>[et_pb_section fb_built=&#8221;1&#8243; _builder_version=&#8221;4.18.0&#8243; _module_preset=&#8221;default&#8221; global_colors_info=&#8221;{}&#8221;][\/et_pb_section]<\/p>\n","protected":false},"excerpt":{"rendered":"<p><strong>Duminic\u0103 30.10.2022 \u2013 ora 19:00<\/strong><br \/>\nUn spectacol al <a href=\"http:\/\/ro.tntimisoara.com\">Teatrului Na\u021bional Timi\u0219oara<\/a>.<br \/>\n<strong>Audien\u021b\u0103:<\/strong> AG<br \/>\nUn spectacol coregrafic de <strong>GIGI C\u0102CIULEANU<br \/>\n<\/strong>Dramaturgia:<strong> Gigi C\u0103ciuleanu<\/strong><br \/>\nCum am putea aniversa 400 de ani de la na\u0219terea lui Moli\u00e8re mai bine dec\u00e2t printr-un spectacol Moli\u00e8re? Cum am putea dovedi mai clar c\u0103 Moli\u00e8re ne este contemporan \u00een spirit, ba fiindc\u0103 a luat-o \u00eenaintea timpului s\u0103u, ba fiindc\u0103 lumea a mai \u00eent\u00e2rziat pe ici, pe colo dec\u00e2t printr-un spectacol Moli\u00e8re? \u0218i cine ar\u00a0 putea s-o fac\u0103 mai bine dec\u00e2t cel care a \u00een\u021beles \u0219i a dat form\u0103, la patru secole dup\u0103 Moli\u00e8re \u0219i \u201eRegele Soare\u201d, dansActorului, marele coregraf Gigi C\u0103ciuleanu, care \u201etraduce\u201d cu imagina\u021bia sa ludic\u0103 \u0219i profund\u0103 vocea unic\u0103 a marelui dramaturg francez? \u0218COALA FEMEILOR versus \u0218COALA B\u0102RBA\u021aILOR este o suit\u0103 de istorii despre aceast\u0103 lupt\u0103 c\u0103reia civiliza\u021bia, cu toate marile ei cuceriri, \u00eenc\u0103 nu i-a dat de cap\u0103t dup\u0103 6000 de ani de patriarhat. Pove\u0219ti fermec\u0103toare despre mici iubiri, mici infernuri domestice, mici nedumeriri \u0219i multe subterfugii, mici r\u0103zboaie \u0219i diploma\u021bii repun \u00een discu\u021bie, cu lucid\u0103 bonomie \u0219i cu gra\u021bie f\u0103r\u0103 mil\u0103, o societate care \u00eencearc\u0103 \u0219i tot \u00eencearc\u0103 s\u0103 \u00eendrepte o balan\u021b\u0103 \u00een care nedrept st\u0103m desp\u0103r\u021bi\u021bi de-at\u00e2ta timp \u2013 femeile de-o parte, de alta \u2013 b\u0103rba\u021bii.<\/p>\n","protected":false},"featured_media":7219,"comment_status":"open","ping_status":"closed","template":"","meta":{"_et_pb_use_builder":"on","_et_pb_old_content":"<strong>Duminic\u0103 30.10.2022 \u2013 ora 19:00<\/strong>\r\nUn spectacol al <a href=\"http:\/\/ro.tntimisoara.com\">Teatrului Na\u021bional Timi\u0219oara<\/a>.\r\n<strong>Audien\u021b\u0103:<\/strong> AG\r\nUn spectacol coregrafic de <strong>GIGI C\u0102CIULEANU\r\n<\/strong>Dramaturgia:<strong> Gigi C\u0103ciuleanu<\/strong>\r\nCum am putea aniversa 400 de ani de la na\u0219terea lui Moli\u00e8re mai bine dec\u00e2t printr-un spectacol Moli\u00e8re? Cum am putea dovedi mai clar c\u0103 Moli\u00e8re ne este contemporan \u00een spirit, ba fiindc\u0103 a luat-o \u00eenaintea timpului s\u0103u, ba fiindc\u0103 lumea a mai \u00eent\u00e2rziat pe ici, pe colo dec\u00e2t printr-un spectacol Moli\u00e8re? \u0218i cine ar\u00a0 putea s-o fac\u0103 mai bine dec\u00e2t cel care a \u00een\u021beles \u0219i a dat form\u0103, la patru secole dup\u0103 Moli\u00e8re \u0219i \u201eRegele Soare\u201d, dansActorului, marele coregraf Gigi C\u0103ciuleanu, care \u201etraduce\u201d cu imagina\u021bia sa ludic\u0103 \u0219i profund\u0103 vocea unic\u0103 a marelui dramaturg francez? \u0218COALA FEMEILOR versus \u0218COALA B\u0102RBA\u021aILOR este o suit\u0103 de istorii despre aceast\u0103 lupt\u0103 c\u0103reia civiliza\u021bia, cu toate marile ei cuceriri, \u00eenc\u0103 nu i-a dat de cap\u0103t dup\u0103 6000 de ani de patriarhat. Pove\u0219ti fermec\u0103toare despre mici iubiri, mici infernuri domestice, mici nedumeriri \u0219i multe subterfugii, mici r\u0103zboaie \u0219i diploma\u021bii repun \u00een discu\u021bie, cu lucid\u0103 bonomie \u0219i cu gra\u021bie f\u0103r\u0103 mil\u0103, o societate care \u00eencearc\u0103 \u0219i tot \u00eencearc\u0103 s\u0103 \u00eendrepte o balan\u021b\u0103 \u00een care nedrept st\u0103m desp\u0103r\u021bi\u021bi de-at\u00e2ta timp \u2013 femeile de-o parte, de alta \u2013 b\u0103rba\u021bii.","_et_gb_content_width":""},"product_brand":[],"product_cat":[304,18,196,198,25],"product_tag":[],"class_list":{"0":"post-7326","1":"product","2":"type-product","3":"status-publish","4":"has-post-thumbnail","6":"product_cat-evenimente-trecute-en","7":"product_cat-live","8":"product_cat-stagiunea-cloud-a-tnt-en","9":"product_cat-teatrul-national-timisoara-en","10":"product_cat-theatre","12":"first","13":"instock","14":"virtual","15":"purchasable","16":"product-type-simple"},"_links":{"self":[{"href":"https:\/\/www.stageon.ro\/en\/wp-json\/wp\/v2\/product\/7326","targetHints":{"allow":["GET"]}}],"collection":[{"href":"https:\/\/www.stageon.ro\/en\/wp-json\/wp\/v2\/product"}],"about":[{"href":"https:\/\/www.stageon.ro\/en\/wp-json\/wp\/v2\/types\/product"}],"replies":[{"embeddable":true,"href":"https:\/\/www.stageon.ro\/en\/wp-json\/wp\/v2\/comments?post=7326"}],"wp:featuredmedia":[{"embeddable":true,"href":"https:\/\/www.stageon.ro\/en\/wp-json\/wp\/v2\/media\/7219"}],"wp:attachment":[{"href":"https:\/\/www.stageon.ro\/en\/wp-json\/wp\/v2\/media?parent=7326"}],"wp:term":[{"taxonomy":"product_brand","embeddable":true,"href":"https:\/\/www.stageon.ro\/en\/wp-json\/wp\/v2\/product_brand?post=7326"},{"taxonomy":"product_cat","embeddable":true,"href":"https:\/\/www.stageon.ro\/en\/wp-json\/wp\/v2\/product_cat?post=7326"},{"taxonomy":"product_tag","embeddable":true,"href":"https:\/\/www.stageon.ro\/en\/wp-json\/wp\/v2\/product_tag?post=7326"}],"curies":[{"name":"wp","href":"https:\/\/api.w.org\/{rel}","templated":true}]}}