{"id":1594,"date":"2021-11-15T13:44:11","date_gmt":"2021-11-15T11:44:11","guid":{"rendered":"https:\/\/www.stageon.ro\/product\/sunt-o-baba-comunista\/"},"modified":"2021-12-03T19:52:07","modified_gmt":"2021-12-03T17:52:07","slug":"sunt-o-baba-comunista","status":"publish","type":"product","link":"https:\/\/www.stageon.ro\/en\/product\/sunt-o-baba-comunista\/","title":{"rendered":"SUNT O BAB\u0102 COMUNIST\u0102"},"content":{"rendered":"<p>Un spectacol al <a href=\"http:\/\/ro.tntimisoara.com\">Teatrului Na\u021bional Timi\u0219oara<\/a>. dup\u0103 romanul lui <strong>Dan Lungu<\/strong> <strong>Sunt o bab\u0103 comunist\u0103<\/strong>, scenariu de C\u0103lin Ciobotari.<br \/>\nLa 30 de ani dup\u0103 c\u0103derea lui Ceau\u0219escu \u00eenc\u0103 mai exist\u0103 nostalgici, \u00eenc\u0103 mai exist\u0103 persoane care, \u00een ciuda dificult\u0103\u021bilor prin care treceau \u201epe vremuri\u201d, consider\u0103 c\u0103 atunci o duceau mai bine. <a href=\"https:\/\/ro.tntimisoara.com\/sunt-o-baba-comunista\/\">Mai multe detalii:<\/a><\/p>\n","protected":false},"excerpt":{"rendered":"<p><strong>03.12.2021; ora 19:00<br \/>\nUn spectacol al <a href=\"http:\/\/ro.tntimisoara.com\">Teatrului Na\u021bional Timi\u0219oara<\/a>.<br \/>\ndup\u0103 romanul lui Dan Lungu.<br \/>\nLa 30 de ani dup\u0103 c\u0103derea lui Ceau\u0219escu \u00eenc\u0103 mai exist\u0103 nostalgici, \u00eenc\u0103 mai exist\u0103 persoane care, \u00een ciuda dificult\u0103\u021bilor prin care treceau \u201epe vremuri\u201d, consider\u0103 c\u0103 atunci o duceau mai bine. <a href=\"https:\/\/ro.tntimisoara.com\/sunt-o-baba-comunista\/\">Mai multe detalii:<\/a><br \/>\n<\/strong><\/p>\n","protected":false},"featured_media":1590,"comment_status":"open","ping_status":"closed","template":"","meta":{"_et_pb_use_builder":"off","_et_pb_old_content":"Un spectacol al <a href=\"http:\/\/ro.tntimisoara.com\">Teatrului Na\u021bional Timi\u0219oara<\/a>.\r\ndup\u0103 romanul lui <strong>Dan Lungu<\/strong>\r\n\r\n<strong>Sunt o bab\u0103 comunist\u0103<\/strong>, scenariu de C\u0103lin Ciobotari dup\u0103 \u00eendr\u0103gitul roman al lui Dan Lungu, este o poveste tragi-comic\u0103 care, cu mult umor \u0219i cu mult\u0103 luciditate, pune \u00een discu\u021bie dilema de via\u021b\u0103 a unei genera\u021bii \u00eentregi \u0219i ofer\u0103, dincolo de umor, de muzic\u0103 \u0219i de lumin\u0103, un moment de reflec\u021bie \u0219i de real\u0103 comunicare pe un subiect care, de obicei, acutizeaz\u0103 rela\u021biile dintre oameni, chiar \u00eentre membrii aceleia\u0219i familii.","_et_gb_content_width":""},"product_brand":[],"product_cat":[18,196,198,25],"product_tag":[],"class_list":{"0":"post-1594","1":"product","2":"type-product","3":"status-publish","4":"has-post-thumbnail","6":"product_cat-live","7":"product_cat-stagiunea-cloud-a-tnt-en","8":"product_cat-teatrul-national-timisoara-en","9":"product_cat-theatre","11":"first","12":"instock","13":"virtual","14":"sold-individually","15":"purchasable","16":"product-type-simple"},"_links":{"self":[{"href":"https:\/\/www.stageon.ro\/en\/wp-json\/wp\/v2\/product\/1594","targetHints":{"allow":["GET"]}}],"collection":[{"href":"https:\/\/www.stageon.ro\/en\/wp-json\/wp\/v2\/product"}],"about":[{"href":"https:\/\/www.stageon.ro\/en\/wp-json\/wp\/v2\/types\/product"}],"replies":[{"embeddable":true,"href":"https:\/\/www.stageon.ro\/en\/wp-json\/wp\/v2\/comments?post=1594"}],"wp:featuredmedia":[{"embeddable":true,"href":"https:\/\/www.stageon.ro\/en\/wp-json\/wp\/v2\/media\/1590"}],"wp:attachment":[{"href":"https:\/\/www.stageon.ro\/en\/wp-json\/wp\/v2\/media?parent=1594"}],"wp:term":[{"taxonomy":"product_brand","embeddable":true,"href":"https:\/\/www.stageon.ro\/en\/wp-json\/wp\/v2\/product_brand?post=1594"},{"taxonomy":"product_cat","embeddable":true,"href":"https:\/\/www.stageon.ro\/en\/wp-json\/wp\/v2\/product_cat?post=1594"},{"taxonomy":"product_tag","embeddable":true,"href":"https:\/\/www.stageon.ro\/en\/wp-json\/wp\/v2\/product_tag?post=1594"}],"curies":[{"name":"wp","href":"https:\/\/api.w.org\/{rel}","templated":true}]}}